{"id":813,"date":"2021-01-29T18:34:53","date_gmt":"2021-01-29T17:34:53","guid":{"rendered":"http:\/\/ektgdynia.pl\/?page_id=813"},"modified":"2021-01-29T19:08:57","modified_gmt":"2021-01-29T18:08:57","slug":"o-nas","status":"publish","type":"page","link":"http:\/\/ektgdynia.pl\/index.php\/o-nas\/","title":{"rendered":"Kawa\u0142ek historii"},"content":{"rendered":"\n<div class=\"wp-block-image\"><figure class=\"aligncenter size-full is-resized\"><img decoding=\"async\" loading=\"lazy\" src=\"http:\/\/ektgdynia.pl\/wp-content\/uploads\/2018\/06\/cropped-Zdj-EKT-port.jpg\" alt=\"\" class=\"wp-image-823\" width=\"720\" height=\"300\" srcset=\"http:\/\/ektgdynia.pl\/wp-content\/uploads\/2018\/06\/cropped-Zdj-EKT-port.jpg 720w, http:\/\/ektgdynia.pl\/wp-content\/uploads\/2018\/06\/cropped-Zdj-EKT-port-300x125.jpg 300w\" sizes=\"(max-width: 720px) 100vw, 720px\" \/><\/figure><\/div>\n\n\n\n<p>Zesp\u00f3\u0142 <strong>EKT- Gdynia<\/strong> powsta\u0142 w 1986 roku. Pocz\u0105tkowo zwi\u0105zany z nurtem piosenki turystycznej wyst\u0119powa\u0142 i zdobywa\u0142 nagrody na festiwalach piosenki turystycznej i studenckiej takich jak <\/p>\n\n\n\n<ul><li>W\u0141\u00d3CZ\u0118GA w Zielonej G\u00f3rze,<\/li><li>YAPA w \u0141odzi,<\/li><li>BAZUNA,<\/li><li>BAKCYNALIA w Lublinie<\/li><li>i wiele innych.<\/li><\/ul>\n\n\n\n<p>Tw\u00f3rczo\u015b\u0107 zespo\u0142u to piosenki turystyczne, ballady, piosenki o tematyce piwnej i oczywi\u015bcie piosenki \u017ceglarskie. Te ostatnie dominuj\u0105 w tw\u00f3rczo\u015bci zespo\u0142u.<\/p>\n\n\n\n<p>Od wielu lat <strong>EKT- Gdynia<\/strong> to jeden z najlepszych i najpopularniejszych zespo\u0142\u00f3w szantowych. Wyst\u0119puje z powodzeniem na scenach najwi\u0119kszych i najlepszych festiwali szantowych <\/p>\n\n\n\n<ul><li>SHANTIES w Krakowie i Charzykowych, <\/li><li>SZANTY we Wroc\u0142awiu<\/li><li>SZANTY w Gi\u017cycku<\/li><li>TRATWA w Katowicach, <\/li><li>KNAGA \u20182001, 2002, 2004 w Toronto, Montrealu <\/li><li>i wielu innych. <\/li><\/ul>\n\n\n\n<p> Zesp\u00f3\u0142 nagra\u0142 teledyski dla TVP i niemieckiej telewizji ZDF.<\/p>\n\n\n\n<p><strong>EKT- Gdynia<\/strong> doskonale potrafi \u0142\u0105czy\u0107 rockowe brzmienie i spokojn\u0105 , stonowan\u0105 ballad\u0119. Potrafi bawi\u0107 i wzrusza\u0107 zr\u00f3\u017cnicowan\u0105 wiekowo publiczno\u015b\u0107. Grono fan\u00f3w zespo\u0142u to zar\u00f3wno kilku letnie dzieci, jak r\u00f3wnie\u017c m\u0142odzie\u017c i doro\u015bli.<\/p>\n\n\n\n<p>Rok 2016, to rok w kt\u00f3rym zesp\u00f3\u0142 obchodzi 30-lecie istnienia.<\/p>\n\n\n\n<p>B\u0119dziecie mogli spotka\u0107 si\u0119 z nami od morza po g\u00f3ry podczas koncert\u00f3w, kt\u00f3re dla Was zagramy. Przyjmijcie nas ciep\u0142o a my postaramy si\u0119 zagra\u0107 i za\u015bpiewa\u0107 dla Was jak najlepiej. Pami\u0119tajcie jednak, \u017ce mamy ju\u017c \u201eswoje lata\u201d.<\/p>\n\n\n\n<h3 class=\"has-text-align-center wp-block-heading\"><em>Do zobaczenia na koncertach!<\/em><\/h3>\n","protected":false},"excerpt":{"rendered":"<p>Zesp\u00f3\u0142 EKT- Gdynia powsta\u0142 w 1986 roku. Pocz\u0105tkowo zwi\u0105zany z nurtem piosenki turystycznej wyst\u0119powa\u0142 i zdobywa\u0142 nagrody na festiwalach piosenki turystycznej i studenckiej takich jak W\u0141\u00d3CZ\u0118GA w Zielonej G\u00f3rze, YAPA w \u0141odzi, BAZUNA, BAKCYNALIA w Lublinie i wiele innych. Tw\u00f3rczo\u015b\u0107 zespo\u0142u to piosenki turystyczne, ballady, piosenki o tematyce piwnej i oczywi\u015bcie piosenki \u017ceglarskie. Te ostatnie&hellip; <br \/> <a class=\"read-more\" href=\"http:\/\/ektgdynia.pl\/index.php\/o-nas\/\">Przeczytaj wi\u0119cej<\/a><\/p>\n","protected":false},"author":1,"featured_media":0,"parent":0,"menu_order":0,"comment_status":"closed","ping_status":"closed","template":"","meta":[],"_links":{"self":[{"href":"http:\/\/ektgdynia.pl\/index.php\/wp-json\/wp\/v2\/pages\/813"}],"collection":[{"href":"http:\/\/ektgdynia.pl\/index.php\/wp-json\/wp\/v2\/pages"}],"about":[{"href":"http:\/\/ektgdynia.pl\/index.php\/wp-json\/wp\/v2\/types\/page"}],"author":[{"embeddable":true,"href":"http:\/\/ektgdynia.pl\/index.php\/wp-json\/wp\/v2\/users\/1"}],"replies":[{"embeddable":true,"href":"http:\/\/ektgdynia.pl\/index.php\/wp-json\/wp\/v2\/comments?post=813"}],"version-history":[{"count":0,"href":"http:\/\/ektgdynia.pl\/index.php\/wp-json\/wp\/v2\/pages\/813\/revisions"}],"wp:attachment":[{"href":"http:\/\/ektgdynia.pl\/index.php\/wp-json\/wp\/v2\/media?parent=813"}],"curies":[{"name":"wp","href":"https:\/\/api.w.org\/{rel}","templated":true}]}}