{"id":13,"date":"2016-07-03T01:07:09","date_gmt":"2016-07-02T23:07:09","guid":{"rendered":"http:\/\/ektgdynia.pl\/?page_id=13"},"modified":"2021-01-31T17:30:15","modified_gmt":"2021-01-31T16:30:15","slug":"tworczosc","status":"publish","type":"page","link":"http:\/\/ektgdynia.pl\/index.php\/tworczosc\/","title":{"rendered":"Tw\u00f3rczo\u015b\u0107"},"content":{"rendered":"\n<h2 class=\"has-text-align-center wp-block-heading\">Co\u015b o nas dla Was czyli kilka naszych piosenek<\/h2>\n\n\n<div id=\"sonaar_music_60\"><article class=\"widget iron_widget_radio playlist_enabled \"><div class=\"iron-audioplayer show-playlist sonaar-no-artwork\" id=\"arbitrary-instance-69d06c6b63c3a-87315fda09\" data-albums=\"946\"data-url-playlist=\"http:\/\/ektgdynia.pl\/?load=playlist.json&#038;title=&#038;albums=946&#038;feed_title=&#038;feed=&#038;feed_img=&#038;el_widget_id=&#038;artwork=\" data-sticky-player=\"\" data-shuffle=\"\" data-playlist_title=\"\" data-scrollbar=\"\" data-wave-color=\"false\" data-wave-progress-color=\"false\" data-no-wave=\"\" data-feedurl=\"0\" style=\"opacity:0;\">\n            \n            <div class=\"sonaar-grid sonaar-grid-2 sonaar-grid-fullwidth-mobile\">\n                \n                <div class=\"playlist\">\n                    <h3 class=\"sr_it-playlist-title\"><\/h3>\n                    <div class=\"sr_it-playlist-release-date\"><span class=\"sr_it-date-value\"><\/span><\/div>\n                    <ul><li\n            data-audiopath=\"http:\/\/ektgdynia.pl\/wp-content\/uploads\/2021\/01\/Ekt_Gdynia-Lej-sie-chmielu....mp3\"\n            data-showloading=\"1\"\n            data-albumTitle=\"Ja stawiam\"\n            data-albumArt=\"\"\n            data-releasedate=\"\"\n            data-trackTitle=\"01. bar w beskidzie\"\n            data-trackID=\"930\"\n            data-trackTime=\"4:49\"\n            data-notrackskip=\"\"\n            ><span class=\"store-list\"><\/span><\/li><li\n            data-audiopath=\"http:\/\/ektgdynia.pl\/wp-content\/uploads\/2021\/01\/Morze-moje-morze.mp3\"\n            data-showloading=\"1\"\n            data-albumTitle=\"Bosman Browar Szczecin S.A.\"\n            data-albumArt=\"\"\n            data-releasedate=\"\"\n            data-trackTitle=\"Morze, moje morze\"\n            data-trackID=\"929\"\n            data-trackTime=\"4:39\"\n            data-notrackskip=\"\"\n            ><span class=\"store-list\"><\/span><\/li><li\n            data-audiopath=\"http:\/\/ektgdynia.pl\/wp-content\/uploads\/2021\/01\/ekt-gdynia-07.-za-naszym-domem_mp3.cc.mp3\"\n            data-showloading=\"1\"\n            data-albumTitle=\"ja stawiam\"\n            data-albumArt=\"\"\n            data-releasedate=\"\"\n            data-trackTitle=\"07. za naszym domem\"\n            data-trackID=\"928\"\n            data-trackTime=\"3:12\"\n            data-notrackskip=\"\"\n            ><span class=\"store-list\"><\/span><\/li><li\n            data-audiopath=\"http:\/\/ektgdynia.pl\/wp-content\/uploads\/2021\/01\/ekt-gdynia-02.-stary-album_mp3.cc.mp3\"\n            data-showloading=\"1\"\n            data-albumTitle=\"oczywiscie\"\n            data-albumArt=\"\"\n            data-releasedate=\"\"\n            data-trackTitle=\"02. stary album\"\n            data-trackID=\"927\"\n            data-trackTime=\"3:32\"\n            data-notrackskip=\"\"\n            ><span class=\"store-list\"><\/span><\/li><li\n            data-audiopath=\"http:\/\/ektgdynia.pl\/wp-content\/uploads\/2021\/01\/2-EKT-Gdynia-Masz-jeszcze-noc-Oczywiscie.mp3\"\n            data-showloading=\"1\"\n            data-albumTitle=\"Oczywiscie\"\n            data-albumArt=\"\"\n            data-releasedate=\"\"\n            data-trackTitle=\"Masz jeszcze noc\"\n            data-trackID=\"926\"\n            data-trackTime=\"2:55\"\n            data-notrackskip=\"\"\n            ><span class=\"store-list\"><\/span><\/li><li\n            data-audiopath=\"http:\/\/ektgdynia.pl\/wp-content\/uploads\/2021\/01\/2-EKT-Gdynia-Zimowa-nadzieja-Oczywiscie.mp3\"\n            data-showloading=\"1\"\n            data-albumTitle=\"tworczosc\"\n            data-albumArt=\"\"\n            data-releasedate=\"\"\n            data-trackTitle=\"Zimowa nadzieja\"\n            data-trackID=\"925\"\n            data-trackTime=\"4:21\"\n            data-notrackskip=\"\"\n            ><span class=\"store-list\"><\/span><\/li><li\n            data-audiopath=\"http:\/\/ektgdynia.pl\/wp-content\/uploads\/2021\/01\/3-EKT-Gdynia-Kuban\u0301ski-szlak-Wreszcie-plyne.mp3\"\n            data-showloading=\"1\"\n            data-albumTitle=\"tworczosc\"\n            data-albumArt=\"\"\n            data-releasedate=\"\"\n            data-trackTitle=\"3 EKT Gdynia \u2013 Kuba\u00f1ski szlak (Wreszcie plyne)\"\n            data-trackID=\"924\"\n            data-trackTime=\"3:02\"\n            data-notrackskip=\"\"\n            ><span class=\"store-list\"><\/span><\/li><li\n            data-audiopath=\"http:\/\/ektgdynia.pl\/wp-content\/uploads\/2021\/01\/3-EKT-Gdynia-Nie-sprzedawajcie-swych-marzen-Wreszcie-plyne.mp3\"\n            data-showloading=\"1\"\n            data-albumTitle=\"tworczosc\"\n            data-albumArt=\"\"\n            data-releasedate=\"\"\n            data-trackTitle=\"3 EKT Gdynia \u2013 Nie sprzedawajcie swych marzen (Wreszcie plyne)\"\n            data-trackID=\"923\"\n            data-trackTime=\"4:10\"\n            data-notrackskip=\"\"\n            ><span class=\"store-list\"><\/span><\/li><li\n            data-audiopath=\"http:\/\/ektgdynia.pl\/wp-content\/uploads\/2021\/01\/3-EKT-Gdynia-Poczatkujacego-z\u0307eglarza-piesn-radosna-Wreszcie-plyne.mp3\"\n            data-showloading=\"1\"\n            data-albumTitle=\"03. ekt gdynia\"\n            data-albumArt=\"\"\n            data-releasedate=\"\"\n            data-trackTitle=\"poczatkujacego zeglarza piesn radosna\"\n            data-trackID=\"922\"\n            data-trackTime=\"4:06\"\n            data-notrackskip=\"\"\n            ><span class=\"store-list\"><\/span><\/li><li\n            data-audiopath=\"http:\/\/ektgdynia.pl\/wp-content\/uploads\/2021\/01\/1-EKT-Gdynia-Mila-Ja-stawiam.mp3\"\n            data-showloading=\"1\"\n            data-albumTitle=\"Ja stawiam\"\n            data-albumArt=\"\"\n            data-releasedate=\"\"\n            data-trackTitle=\"Mila\"\n            data-trackID=\"921\"\n            data-trackTime=\"3:34\"\n            data-notrackskip=\"\"\n            ><span class=\"store-list\"><\/span><\/li><li\n            data-audiopath=\"http:\/\/ektgdynia.pl\/wp-content\/uploads\/2021\/01\/1-EKT-Gdynia-Bar-w-Beskidzie-Ja-stawiam.mp3\"\n            data-showloading=\"1\"\n            data-albumTitle=\"Ja stawiam\"\n            data-albumArt=\"\"\n            data-releasedate=\"\"\n            data-trackTitle=\"Bar w Beskidzie\"\n            data-trackID=\"920\"\n            data-trackTime=\"4:49\"\n            data-notrackskip=\"\"\n            ><span class=\"store-list\"><\/span><\/li><li\n            data-audiopath=\"http:\/\/ektgdynia.pl\/wp-content\/uploads\/2021\/01\/1-EKT-Gdynia-Ballada-na-zle-drogi-Ja-stawiam.mp3\"\n            data-showloading=\"1\"\n            data-albumTitle=\"tworczosc\"\n            data-albumArt=\"\"\n            data-releasedate=\"\"\n            data-trackTitle=\"Ballada na zle drogi\"\n            data-trackID=\"919\"\n            data-trackTime=\"2:47\"\n            data-notrackskip=\"\"\n            ><span class=\"store-list\"><\/span><\/li><\/ul>\n                <\/div>\n            <\/div>\n            <div class=\"album-player\" >\n                <div class=\"track-title\"><\/div>\n                <div class=\"album-title\"><\/div>\n                \n                <div class=\"player\">\n                    <div class=\"currentTime\"><\/div>\n                    <div id=\"arbitrary-instance-69d06c6b63c3a-715b56f10e-wave\" class=\"wave\">\n                    <div class=\"sonaar_fake_wave\">\n            <audio src=\"\" class=\"sonaar_media_element\"><\/audio>\n            <div class=\"sonaar_wave_base\"><svg><\/svg><\/div>\n            <div class=\"sonaar_wave_cut\"><svg><\/svg><\/div>\n            <\/div> \n                    <\/div>\n                    <div class=\"totalTime\"><\/div>\n                    <div class=\"control\">\n                        <a class=\"previous\" style=\"opacity:0;\">\n                            <svg version=\"1.1\" id=\"Layer_1\" xmlns=\"http:\/\/www.w3.org\/2000\/svg\" xmlns:xlink=\"http:\/\/www.w3.org\/1999\/xlink\" x=\"0px\" y=\"0px\" viewBox=\"0 0 10.2 11.7\" style=\"enable-background:new 0 0 10.2 11.7;\" xml:space=\"preserve\">\n                            <polygon points=\"10.2,0 1.4,5.3 1.4,0 0,0 0,11.7 1.4,11.7 1.4,6.2 10.2,11.7\"\/>\n                            <\/svg>\n                        <\/a>\n                        <a class=\"play\" style=\"opacity:0;\">\n                            <svg version=\"1.1\" xmlns=\"http:\/\/www.w3.org\/2000\/svg\" xmlns:xlink=\"http:\/\/www.w3.org\/1999\/xlink\" x=\"0px\" y=\"0px\" viewBox=\"0 0 17.5 21.2\" style=\"enable-background:new 0 0 17.5 21.2;\" xml:space=\"preserve\">\n                            <path d=\"M0,0l17.5,10.9L0,21.2V0z\"\/>\n                            \n                            <rect width=\"6\" height=\"21.2\"\/>\n                            <rect x=\"11.5\" width=\"6\" height=\"21.2\"\/>\n                            <\/svg>\n                        <\/a>\n                        <a class=\"next\" style=\"opacity:0;\">\n                            <svg version=\"1.1\" xmlns=\"http:\/\/www.w3.org\/2000\/svg\" xmlns:xlink=\"http:\/\/www.w3.org\/1999\/xlink\" x=\"0px\" y=\"0px\" viewBox=\"0 0 10.2 11.7\" style=\"enable-background:new 0 0 10.2 11.7;\" xml:space=\"preserve\">\n                            <polygon points=\"0,11.7 8.8,6.4 8.8,11.7 10.2,11.7 10.2,0 8.8,0 8.8,5.6 0,0\"\/>\n                            <\/svg>\n                        <\/a>\n                    <\/div>\n                <\/div>\n            <\/div>\n            <div class=\"album-store\"><\/div>\n        <\/div><\/article><\/div>\n\n\n<div style=\"height:118px\" aria-hidden=\"true\" class=\"wp-block-spacer\"><\/div>\n\n\n\n<h2 class=\"has-text-align-center wp-block-heading\">Dorobek p\u0142ytowy zespo\u0142u<\/h2>\n\n\n\n<div class=\"wp-block-media-text alignwide is-stacked-on-mobile\"><figure class=\"wp-block-media-text__media\"><img decoding=\"async\" loading=\"lazy\" width=\"805\" height=\"817\" src=\"http:\/\/ektgdynia.pl\/wp-content\/uploads\/2016\/07\/JaStawiamBig.jpg\" alt=\"\" class=\"wp-image-126 size-full\" srcset=\"http:\/\/ektgdynia.pl\/wp-content\/uploads\/2016\/07\/JaStawiamBig.jpg 805w, http:\/\/ektgdynia.pl\/wp-content\/uploads\/2016\/07\/JaStawiamBig-296x300.jpg 296w, http:\/\/ektgdynia.pl\/wp-content\/uploads\/2016\/07\/JaStawiamBig-768x779.jpg 768w\" sizes=\"(max-width: 805px) 100vw, 805px\" \/><\/figure><div class=\"wp-block-media-text__content\">\n<ol><li>Bar w Beskidzie<\/li><li>Pie\u015b\u0144 wielorybnik\u00f3w Nasz Diament<\/li><li>Ma\u0142e piwo<\/li><li>Ja stawiam<\/li><li>Ballada na z\u0142e drogi<\/li><li>Czarna chmura \/ Ci\u0105gnij go Joe<\/li><li>Za naszym domem<\/li><li>Gdzie ta keja<\/li><li>Mi\u0142a<\/li><li>Stary bryg<\/li><li>P\u00f3jd\u0119 przez morze<\/li><li>Emeryt<\/li><li>Rastaman<\/li><li>Mona<\/li><li>Mary i John<\/li><li>Lunatyczne wyznania<\/li><li>Do domu<\/li><li>Hiszpa\u0144skie dziewczyny<\/li><\/ol>\n<\/div><\/div>\n\n\n\n<div class=\"wp-block-media-text alignwide has-media-on-the-right is-stacked-on-mobile\"><figure class=\"wp-block-media-text__media\"><img decoding=\"async\" loading=\"lazy\" width=\"300\" height=\"300\" src=\"http:\/\/ektgdynia.pl\/wp-content\/uploads\/2016\/07\/OczywiscieBig.jpg\" alt=\"\" class=\"wp-image-128 size-full\" srcset=\"http:\/\/ektgdynia.pl\/wp-content\/uploads\/2016\/07\/OczywiscieBig.jpg 300w, http:\/\/ektgdynia.pl\/wp-content\/uploads\/2016\/07\/OczywiscieBig-150x150.jpg 150w\" sizes=\"(max-width: 300px) 100vw, 300px\" \/><\/figure><div class=\"wp-block-media-text__content\">\n<ol><li>Zimowa nadzieja<\/li><li>Stary album<\/li><li>Bossanowa o p\u00f3\u0142nocy<\/li><li>Ballada o porach roku<\/li><li>Piosenka dla mojej dziewczyny<\/li><li>Morze, moje morze<\/li><li>Samotenmu \u017ceglarzowi<\/li><li>Ob\u0142oki<\/li><li>Piosnka na przetrwanie<\/li><li>Masz jeszcze noc<\/li><li>Lekko ochrypni\u0119ty<\/li><\/ol>\n<\/div><\/div>\n\n\n\n<div class=\"wp-block-media-text alignwide is-stacked-on-mobile\"><figure class=\"wp-block-media-text__media\"><img decoding=\"async\" loading=\"lazy\" width=\"468\" height=\"466\" src=\"http:\/\/ektgdynia.pl\/wp-content\/uploads\/2016\/07\/WreszciePlyneBig.jpg\" alt=\"\" class=\"wp-image-130 size-full\" srcset=\"http:\/\/ektgdynia.pl\/wp-content\/uploads\/2016\/07\/WreszciePlyneBig.jpg 468w, http:\/\/ektgdynia.pl\/wp-content\/uploads\/2016\/07\/WreszciePlyneBig-150x150.jpg 150w, http:\/\/ektgdynia.pl\/wp-content\/uploads\/2016\/07\/WreszciePlyneBig-300x300.jpg 300w\" sizes=\"(max-width: 468px) 100vw, 468px\" \/><\/figure><div class=\"wp-block-media-text__content\">\n<ol><li>\u017byczenia powrotu<\/li><li>24 lutego<\/li><li>Pij\u0119 za rejs<\/li><li>Niepoprawny go\u015b\u0107<\/li><li>Blues o t\u0119sknocie<\/li><li>\u017beglarski czardasz<\/li><li>Spotkaj si\u0119 z \u017ceglarzem<\/li><li>Nie sprzedawajcie swych marze\u0144<\/li><li>Ballada o \u017ceglarzu<\/li><li>Pocz\u0105tkuj\u0105cego \u017ceglarza pie\u015b\u0144 radosna<\/li><li>Dwie drogi<\/li><li>Kuba\u0144ski szlak<\/li><li>Po co mi to by\u0142o<\/li><li>Monotematyczna piosenka turystyczna<\/li><li>Wreszcie p\u0142yn\u0119<\/li><\/ol>\n<\/div><\/div>\n\n\n\n<div class=\"wp-block-media-text alignwide has-media-on-the-right is-stacked-on-mobile\"><figure class=\"wp-block-media-text__media\"><img decoding=\"async\" loading=\"lazy\" width=\"470\" height=\"471\" src=\"http:\/\/ektgdynia.pl\/wp-content\/uploads\/2021\/01\/pojde-przez-morze-b-iext36491678.jpg\" alt=\"\" class=\"wp-image-790 size-full\" srcset=\"http:\/\/ektgdynia.pl\/wp-content\/uploads\/2021\/01\/pojde-przez-morze-b-iext36491678.jpg 470w, http:\/\/ektgdynia.pl\/wp-content\/uploads\/2021\/01\/pojde-przez-morze-b-iext36491678-300x300.jpg 300w, http:\/\/ektgdynia.pl\/wp-content\/uploads\/2021\/01\/pojde-przez-morze-b-iext36491678-150x150.jpg 150w\" sizes=\"(max-width: 470px) 100vw, 470px\" \/><\/figure><div class=\"wp-block-media-text__content\">\n<ul><li>1. Z Pacyfiku Na Atlantyk<\/li><li>2. Morze, Moje Morze<\/li><li>3. Ju\u017c Nie P\u0142ywam<\/li><li>4. Ja Stawiam<\/li><li>5. \u017byczenia Powrotu (Oczekiwanie)<\/li><li>6. Spotkaj Si\u0119 Z \u017baglem<\/li><li>7. Poczatkujacego \u017beglarza Pie\u015b\u0144 Radosna<\/li><li>8. \u017beglarski Czardasz<\/li><li>9. Piosenka Dla Mojej Dziewczyny<\/li><li>10. Po Co Mi To By\u0142o<\/li><li>11. Ballada O \u017beglarzu<\/li><li>12. P\u00f3jd\u0119 Przez Morze<\/li><\/ul>\n<\/div><\/div>\n\n\n\n<div class=\"wp-block-media-text alignwide is-stacked-on-mobile\"><figure class=\"wp-block-media-text__media\"><img decoding=\"async\" loading=\"lazy\" width=\"296\" height=\"297\" src=\"http:\/\/ektgdynia.pl\/wp-content\/uploads\/2016\/07\/cropped-KoncertZOkazjiXXBig.jpg\" alt=\"\" class=\"wp-image-787 size-full\" srcset=\"http:\/\/ektgdynia.pl\/wp-content\/uploads\/2016\/07\/cropped-KoncertZOkazjiXXBig.jpg 296w, http:\/\/ektgdynia.pl\/wp-content\/uploads\/2016\/07\/cropped-KoncertZOkazjiXXBig-150x150.jpg 150w\" sizes=\"(max-width: 296px) 100vw, 296px\" \/><\/figure><div class=\"wp-block-media-text__content\">\n<ol><li>Zapowied\u017a<\/li><li>Ballada na z\u0142e drogi<\/li><li>Ballada o \u017ceglarzu<\/li><li>By\u0142em g\u0142upi<\/li><li>Dwie drogi<\/li><li>Gdyby<\/li><li>Ja stawiam<\/li><li>Mi\u0142a<\/li><li>Stary bryg<\/li><li>Kuba\u0144ski szlak<\/li><li>Morze, moje morze<\/li><li>Niepoprawny go\u015bc<\/li><li>Nie sprzedawajcie swych marze\u0144<\/li><li>Piwko w kufelku<\/li><li>Piosenka dla mojej dziewczyny<\/li><li>Hiszpa\u0144skie dziewczyny<\/li><li>Stary album<\/li><\/ol>\n<\/div><\/div>\n","protected":false},"excerpt":{"rendered":"<p>Co\u015b o nas dla Was czyli kilka naszych piosenek Dorobek p\u0142ytowy zespo\u0142u Bar w Beskidzie Pie\u015b\u0144 wielorybnik\u00f3w Nasz Diament Ma\u0142e piwo Ja stawiam Ballada na z\u0142e drogi Czarna chmura \/ Ci\u0105gnij go Joe Za naszym domem Gdzie ta keja Mi\u0142a Stary bryg P\u00f3jd\u0119 przez morze Emeryt Rastaman Mona Mary i John Lunatyczne wyznania Do domu&hellip; <br \/> <a class=\"read-more\" href=\"http:\/\/ektgdynia.pl\/index.php\/tworczosc\/\">Przeczytaj wi\u0119cej<\/a><\/p>\n","protected":false},"author":1,"featured_media":37,"parent":0,"menu_order":0,"comment_status":"closed","ping_status":"closed","template":"template-fullwidth.php","meta":[],"_links":{"self":[{"href":"http:\/\/ektgdynia.pl\/index.php\/wp-json\/wp\/v2\/pages\/13"}],"collection":[{"href":"http:\/\/ektgdynia.pl\/index.php\/wp-json\/wp\/v2\/pages"}],"about":[{"href":"http:\/\/ektgdynia.pl\/index.php\/wp-json\/wp\/v2\/types\/page"}],"author":[{"embeddable":true,"href":"http:\/\/ektgdynia.pl\/index.php\/wp-json\/wp\/v2\/users\/1"}],"replies":[{"embeddable":true,"href":"http:\/\/ektgdynia.pl\/index.php\/wp-json\/wp\/v2\/comments?post=13"}],"version-history":[{"count":13,"href":"http:\/\/ektgdynia.pl\/index.php\/wp-json\/wp\/v2\/pages\/13\/revisions"}],"predecessor-version":[{"id":957,"href":"http:\/\/ektgdynia.pl\/index.php\/wp-json\/wp\/v2\/pages\/13\/revisions\/957"}],"wp:featuredmedia":[{"embeddable":true,"href":"http:\/\/ektgdynia.pl\/index.php\/wp-json\/wp\/v2\/media\/37"}],"wp:attachment":[{"href":"http:\/\/ektgdynia.pl\/index.php\/wp-json\/wp\/v2\/media?parent=13"}],"curies":[{"name":"wp","href":"https:\/\/api.w.org\/{rel}","templated":true}]}}